{"id":442,"date":"2025-05-04T12:43:11","date_gmt":"2025-05-04T12:43:11","guid":{"rendered":"https:\/\/birthday.aquafollie.it\/prodotto\/froehliches-menue\/"},"modified":"2025-05-04T12:43:11","modified_gmt":"2025-05-04T12:43:11","slug":"froehliches-menue","status":"publish","type":"product","link":"https:\/\/birthday.aquafollie.it\/de\/prodotto\/froehliches-menue\/","title":{"rendered":"Fr\u00f6hliches Men\u00fc"},"content":{"rendered":"<p>Pizzast\u00fcck + Pommes + Erfrischungsgetr\u00e4nk + Eis am Stiel<\/p>\n","protected":false},"excerpt":{"rendered":"<p>Pizzast\u00fcck + Pommes + Erfrischungsgetr\u00e4nk + Eis am Stiel<\/p>\n","protected":false},"featured_media":377,"template":"","meta":{"inline_featured_image":false},"product_brand":[],"product_cat":[35],"product_tag":[],"class_list":{"0":"post-442","1":"product","2":"type-product","3":"status-publish","4":"has-post-thumbnail","6":"product_cat-menu","8":"first","9":"instock","10":"shipping-taxable","11":"purchasable","12":"product-type-simple"},"_links":{"self":[{"href":"https:\/\/birthday.aquafollie.it\/de\/wp-json\/wp\/v2\/product\/442","targetHints":{"allow":["GET"]}}],"collection":[{"href":"https:\/\/birthday.aquafollie.it\/de\/wp-json\/wp\/v2\/product"}],"about":[{"href":"https:\/\/birthday.aquafollie.it\/de\/wp-json\/wp\/v2\/types\/product"}],"wp:featuredmedia":[{"embeddable":true,"href":"https:\/\/birthday.aquafollie.it\/de\/wp-json\/wp\/v2\/media\/377"}],"wp:attachment":[{"href":"https:\/\/birthday.aquafollie.it\/de\/wp-json\/wp\/v2\/media?parent=442"}],"wp:term":[{"taxonomy":"product_brand","embeddable":true,"href":"https:\/\/birthday.aquafollie.it\/de\/wp-json\/wp\/v2\/product_brand?post=442"},{"taxonomy":"product_cat","embeddable":true,"href":"https:\/\/birthday.aquafollie.it\/de\/wp-json\/wp\/v2\/product_cat?post=442"},{"taxonomy":"product_tag","embeddable":true,"href":"https:\/\/birthday.aquafollie.it\/de\/wp-json\/wp\/v2\/product_tag?post=442"}],"curies":[{"name":"wp","href":"https:\/\/api.w.org\/{rel}","templated":true}]}}